{"id":19637,"date":"2025-07-21T14:03:36","date_gmt":"2025-07-21T12:03:36","guid":{"rendered":"https:\/\/www.martijnkuipers.nl\/?post_type=product&#038;p=19637"},"modified":"2026-05-01T07:49:57","modified_gmt":"2026-05-01T05:49:57","slug":"zonnebril-red-edition","status":"publish","type":"product","link":"https:\/\/www.martijnkuipers.nl\/en\/product\/zonnebril-red-edition\/","title":{"rendered":"Zonnebril &#8216;red edition&#8217; (14 cm)"},"content":{"rendered":"","protected":false},"excerpt":{"rendered":"<p>Zeg maar dag tegen de zon (en de schittering), want hier is d\u00e9 zonnebril waar jij deze zomer mee gezien wilt worden. De buitenzijde is bedrukt met mijn welbekende kreet \u2018Knippie Knippie\u2019, en als je goed kijkt, zie je in het glas mijn logo gegraveerd&#8230; schitter\u00f8nt mooi!<br \/>\n&nbsp;<br \/>\nVoorzien van gepolariseerde glazen \u00e9n UV400-bescherming, dus minder hinderlijke schittering \u00e9n 100% bescherming tegen schadelijke UV-straling. Ideaal voor op de weg, op het terras of gewoon om je ogen een beetje V8-luxe te gunnen. Deze zonnebril is <strong>14 cm breed<\/strong> en daarmee ideaal voor wie net wat extra comfort en een ruimere pasvorm zoekt.<br \/>\n&nbsp;<br \/>\nVerpakt in een luxe geschenkbox inclusief schoonmaakdoekje met logo, helemaal goud!<\/p>\n","protected":false},"featured_media":19660,"template":"","meta":{"_acf_changed":false},"product_brand":[],"product_cat":[19],"product_tag":[150],"class_list":{"0":"post-19637","1":"product","2":"type-product","3":"status-publish","4":"has-post-thumbnail","6":"product_cat-categorie","7":"product_tag-zonnebril","8":"product_shipping_class-brievenbuspakje","10":"first","11":"instock","12":"taxable","13":"shipping-taxable","14":"purchasable","15":"product-type-simple"},"acf":[],"yoast_head":"<!-- This site is optimized with the Yoast SEO plugin v27.2 - https:\/\/yoast.com\/product\/yoast-seo-wordpress\/ -->\n<title>Zonnebril &#039;red edition&#039; (14 cm) - Martijn Kuipers<\/title>\n<meta name=\"description\" content=\"Zeg maar dag tegen de zon (en de schittering), want hier is d\u00e9 zonnebril waar jij deze zomer mee gezien wilt worden. De buitenzijde is bedrukt met mijn welbekende kreet \u2018Knippie Knippie\u2019, en als je goed kijkt, zie je in het glas mijn logo gegraveerd... schitter\u00f8nt mooi!Voorzien van gepolariseerde glazen \u00e9n UV400-bescherming, dus minder hinderlijke schittering \u00e9n 100% bescherming tegen schadelijke UV-straling. Ideaal voor op de weg, op het terras of gewoon om je ogen een beetje V8-luxe te gunnen.Verpakt in een luxe geschenkbox inclusief schoonmaakdoekje met logo, helemaal goud!\" \/>\n<meta name=\"robots\" content=\"index, follow, max-snippet:-1, max-image-preview:large, max-video-preview:-1\" \/>\n<link rel=\"canonical\" href=\"https:\/\/www.martijnkuipers.nl\/en\/product\/zonnebril-red-edition\/\" \/>\n<meta property=\"og:locale\" content=\"en_US\" \/>\n<meta property=\"og:type\" content=\"article\" \/>\n<meta property=\"og:title\" content=\"Zonnebril &#039;red edition&#039;\" \/>\n<meta property=\"og:description\" content=\"Zeg maar dag tegen de zon (en de schittering), want hier is d\u00e9 zonnebril waar jij deze zomer mee gezien wilt worden. De buitenzijde is bedrukt met mijn welbekende kreet \u2018Knippie Knippie\u2019, en als je goed kijkt, zie je in het glas mijn logo gegraveerd... schitter\u00f8nt mooi!Voorzien van gepolariseerde glazen \u00e9n UV400-bescherming, dus minder hinderlijke schittering \u00e9n 100% bescherming tegen schadelijke UV-straling. Ideaal voor op de weg, op het terras of gewoon om je ogen een beetje V8-luxe te gunnen.Verpakt in een luxe geschenkbox inclusief schoonmaakdoekje met logo, helemaal goud!\" \/>\n<meta property=\"og:url\" content=\"https:\/\/www.martijnkuipers.nl\/en\/product\/zonnebril-red-edition\/\" \/>\n<meta property=\"og:site_name\" content=\"Martijn Kuipers\" \/>\n<meta property=\"article:modified_time\" content=\"2026-05-01T05:49:57+00:00\" \/>\n<meta property=\"og:image\" content=\"http:\/\/www.martijnkuipers.nl\/wp-content\/uploads\/2025\/07\/Zonnebril-Martijn-Kuipers-Knippie-Knippie-Rood-1.jpg\" \/>\n\t<meta property=\"og:image:width\" content=\"1600\" \/>\n\t<meta property=\"og:image:height\" content=\"1600\" \/>\n\t<meta property=\"og:image:type\" content=\"image\/jpeg\" \/>\n<meta name=\"twitter:card\" content=\"summary_large_image\" \/>\n<meta name=\"twitter:title\" content=\"Zonnebril &#039;red edition&#039;\" \/>\n<meta name=\"twitter:description\" content=\"Zeg maar dag tegen de zon (en de schittering), want hier is d\u00e9 zonnebril waar jij deze zomer mee gezien wilt worden. De buitenzijde is bedrukt met mijn welbekende kreet \u2018Knippie Knippie\u2019, en als je goed kijkt, zie je in het glas mijn logo gegraveerd... schitter\u00f8nt mooi!Voorzien van gepolariseerde glazen \u00e9n UV400-bescherming, dus minder hinderlijke schittering \u00e9n 100% bescherming tegen schadelijke UV-straling. Ideaal voor op de weg, op het terras of gewoon om je ogen een beetje V8-luxe te gunnen.Verpakt in een luxe geschenkbox inclusief schoonmaakdoekje met logo, helemaal goud!\" \/>\n<meta name=\"twitter:image\" content=\"https:\/\/www.martijnkuipers.nl\/wp-content\/uploads\/2025\/07\/Zonnebril-Martijn-Kuipers-Knippie-Knippie-Rood-1.jpg\" \/>\n<meta name=\"twitter:label1\" content=\"Est. reading time\" \/>\n\t<meta name=\"twitter:data1\" content=\"1 minute\" \/>\n<script type=\"application\/ld+json\" class=\"yoast-schema-graph\">{\"@context\":\"https:\/\/schema.org\",\"@graph\":[{\"@type\":\"WebPage\",\"@id\":\"https:\/\/www.martijnkuipers.nl\/en\/product\/zonnebril-red-edition\/\",\"url\":\"https:\/\/www.martijnkuipers.nl\/en\/product\/zonnebril-red-edition\/\",\"name\":\"Zonnebril 'red edition' (14 cm) - Martijn Kuipers\",\"isPartOf\":{\"@id\":\"https:\/\/www.martijnkuipers.nl\/en\/#website\"},\"primaryImageOfPage\":{\"@id\":\"https:\/\/www.martijnkuipers.nl\/en\/product\/zonnebril-red-edition\/#primaryimage\"},\"image\":{\"@id\":\"https:\/\/www.martijnkuipers.nl\/en\/product\/zonnebril-red-edition\/#primaryimage\"},\"thumbnailUrl\":\"https:\/\/www.martijnkuipers.nl\/wp-content\/uploads\/2025\/07\/Zonnebril-Martijn-Kuipers-Knippie-Knippie-Rood-1.jpg\",\"datePublished\":\"2025-07-21T12:03:36+00:00\",\"dateModified\":\"2026-05-01T05:49:57+00:00\",\"description\":\"Zeg maar dag tegen de zon (en de schittering), want hier is d\u00e9 zonnebril waar jij deze zomer mee gezien wilt worden. De buitenzijde is bedrukt met mijn welbekende kreet \u2018Knippie Knippie\u2019, en als je goed kijkt, zie je in het glas mijn logo gegraveerd... schitter\u00f8nt mooi!Voorzien van gepolariseerde glazen \u00e9n UV400-bescherming, dus minder hinderlijke schittering \u00e9n 100% bescherming tegen schadelijke UV-straling. Ideaal voor op de weg, op het terras of gewoon om je ogen een beetje V8-luxe te gunnen.Verpakt in een luxe geschenkbox inclusief schoonmaakdoekje met logo, helemaal goud!\",\"breadcrumb\":{\"@id\":\"https:\/\/www.martijnkuipers.nl\/en\/product\/zonnebril-red-edition\/#breadcrumb\"},\"inLanguage\":\"en-US\",\"potentialAction\":[{\"@type\":\"ReadAction\",\"target\":[\"https:\/\/www.martijnkuipers.nl\/en\/product\/zonnebril-red-edition\/\"]}]},{\"@type\":\"ImageObject\",\"inLanguage\":\"en-US\",\"@id\":\"https:\/\/www.martijnkuipers.nl\/en\/product\/zonnebril-red-edition\/#primaryimage\",\"url\":\"https:\/\/www.martijnkuipers.nl\/wp-content\/uploads\/2025\/07\/Zonnebril-Martijn-Kuipers-Knippie-Knippie-Rood-1.jpg\",\"contentUrl\":\"https:\/\/www.martijnkuipers.nl\/wp-content\/uploads\/2025\/07\/Zonnebril-Martijn-Kuipers-Knippie-Knippie-Rood-1.jpg\",\"width\":1600,\"height\":1600},{\"@type\":\"BreadcrumbList\",\"@id\":\"https:\/\/www.martijnkuipers.nl\/en\/product\/zonnebril-red-edition\/#breadcrumb\",\"itemListElement\":[{\"@type\":\"ListItem\",\"position\":1,\"name\":\"Home\",\"item\":\"https:\/\/www.martijnkuipers.nl\/en\/home\/\"},{\"@type\":\"ListItem\",\"position\":2,\"name\":\"Shop\",\"item\":\"https:\/\/www.martijnkuipers.nl\/en\/winkel\/\"},{\"@type\":\"ListItem\",\"position\":3,\"name\":\"Zonnebril &#8216;red edition&#8217; (14 cm)\"}]},{\"@type\":\"WebSite\",\"@id\":\"https:\/\/www.martijnkuipers.nl\/en\/#website\",\"url\":\"https:\/\/www.martijnkuipers.nl\/en\/\",\"name\":\"Martijn Kuipers\",\"description\":\"\",\"publisher\":{\"@id\":\"https:\/\/www.martijnkuipers.nl\/en\/#organization\"},\"potentialAction\":[{\"@type\":\"SearchAction\",\"target\":{\"@type\":\"EntryPoint\",\"urlTemplate\":\"https:\/\/www.martijnkuipers.nl\/en\/?s={search_term_string}\"},\"query-input\":{\"@type\":\"PropertyValueSpecification\",\"valueRequired\":true,\"valueName\":\"search_term_string\"}}],\"inLanguage\":\"en-US\"},{\"@type\":\"Organization\",\"@id\":\"https:\/\/www.martijnkuipers.nl\/en\/#organization\",\"name\":\"Martijn Kuipers\",\"url\":\"https:\/\/www.martijnkuipers.nl\/en\/\",\"logo\":{\"@type\":\"ImageObject\",\"inLanguage\":\"en-US\",\"@id\":\"https:\/\/www.martijnkuipers.nl\/en\/#\/schema\/logo\/image\/\",\"url\":\"https:\/\/www.martijnkuipers.nl\/wp-content\/uploads\/2018\/06\/Martijn-Kuipers_logo.png\",\"contentUrl\":\"https:\/\/www.martijnkuipers.nl\/wp-content\/uploads\/2018\/06\/Martijn-Kuipers_logo.png\",\"width\":260,\"height\":46,\"caption\":\"Martijn Kuipers\"},\"image\":{\"@id\":\"https:\/\/www.martijnkuipers.nl\/en\/#\/schema\/logo\/image\/\"}}]}<\/script>\n<!-- \/ Yoast SEO plugin. -->","yoast_head_json":{"title":"Zonnebril 'red edition' (14 cm) - Martijn Kuipers","description":"Zeg maar dag tegen de zon (en de schittering), want hier is d\u00e9 zonnebril waar jij deze zomer mee gezien wilt worden. De buitenzijde is bedrukt met mijn welbekende kreet \u2018Knippie Knippie\u2019, en als je goed kijkt, zie je in het glas mijn logo gegraveerd... schitter\u00f8nt mooi!Voorzien van gepolariseerde glazen \u00e9n UV400-bescherming, dus minder hinderlijke schittering \u00e9n 100% bescherming tegen schadelijke UV-straling. Ideaal voor op de weg, op het terras of gewoon om je ogen een beetje V8-luxe te gunnen.Verpakt in een luxe geschenkbox inclusief schoonmaakdoekje met logo, helemaal goud!","robots":{"index":"index","follow":"follow","max-snippet":"max-snippet:-1","max-image-preview":"max-image-preview:large","max-video-preview":"max-video-preview:-1"},"canonical":"https:\/\/www.martijnkuipers.nl\/en\/product\/zonnebril-red-edition\/","og_locale":"en_US","og_type":"article","og_title":"Zonnebril 'red edition'","og_description":"Zeg maar dag tegen de zon (en de schittering), want hier is d\u00e9 zonnebril waar jij deze zomer mee gezien wilt worden. De buitenzijde is bedrukt met mijn welbekende kreet \u2018Knippie Knippie\u2019, en als je goed kijkt, zie je in het glas mijn logo gegraveerd... schitter\u00f8nt mooi!Voorzien van gepolariseerde glazen \u00e9n UV400-bescherming, dus minder hinderlijke schittering \u00e9n 100% bescherming tegen schadelijke UV-straling. Ideaal voor op de weg, op het terras of gewoon om je ogen een beetje V8-luxe te gunnen.Verpakt in een luxe geschenkbox inclusief schoonmaakdoekje met logo, helemaal goud!","og_url":"https:\/\/www.martijnkuipers.nl\/en\/product\/zonnebril-red-edition\/","og_site_name":"Martijn Kuipers","article_modified_time":"2026-05-01T05:49:57+00:00","og_image":[{"width":1600,"height":1600,"url":"http:\/\/www.martijnkuipers.nl\/wp-content\/uploads\/2025\/07\/Zonnebril-Martijn-Kuipers-Knippie-Knippie-Rood-1.jpg","type":"image\/jpeg"}],"twitter_card":"summary_large_image","twitter_title":"Zonnebril 'red edition'","twitter_description":"Zeg maar dag tegen de zon (en de schittering), want hier is d\u00e9 zonnebril waar jij deze zomer mee gezien wilt worden. De buitenzijde is bedrukt met mijn welbekende kreet \u2018Knippie Knippie\u2019, en als je goed kijkt, zie je in het glas mijn logo gegraveerd... schitter\u00f8nt mooi!Voorzien van gepolariseerde glazen \u00e9n UV400-bescherming, dus minder hinderlijke schittering \u00e9n 100% bescherming tegen schadelijke UV-straling. Ideaal voor op de weg, op het terras of gewoon om je ogen een beetje V8-luxe te gunnen.Verpakt in een luxe geschenkbox inclusief schoonmaakdoekje met logo, helemaal goud!","twitter_image":"https:\/\/www.martijnkuipers.nl\/wp-content\/uploads\/2025\/07\/Zonnebril-Martijn-Kuipers-Knippie-Knippie-Rood-1.jpg","twitter_misc":{"Est. reading time":"1 minute"},"schema":{"@context":"https:\/\/schema.org","@graph":[{"@type":"WebPage","@id":"https:\/\/www.martijnkuipers.nl\/en\/product\/zonnebril-red-edition\/","url":"https:\/\/www.martijnkuipers.nl\/en\/product\/zonnebril-red-edition\/","name":"Zonnebril 'red edition' (14 cm) - Martijn Kuipers","isPartOf":{"@id":"https:\/\/www.martijnkuipers.nl\/en\/#website"},"primaryImageOfPage":{"@id":"https:\/\/www.martijnkuipers.nl\/en\/product\/zonnebril-red-edition\/#primaryimage"},"image":{"@id":"https:\/\/www.martijnkuipers.nl\/en\/product\/zonnebril-red-edition\/#primaryimage"},"thumbnailUrl":"https:\/\/www.martijnkuipers.nl\/wp-content\/uploads\/2025\/07\/Zonnebril-Martijn-Kuipers-Knippie-Knippie-Rood-1.jpg","datePublished":"2025-07-21T12:03:36+00:00","dateModified":"2026-05-01T05:49:57+00:00","description":"Zeg maar dag tegen de zon (en de schittering), want hier is d\u00e9 zonnebril waar jij deze zomer mee gezien wilt worden. De buitenzijde is bedrukt met mijn welbekende kreet \u2018Knippie Knippie\u2019, en als je goed kijkt, zie je in het glas mijn logo gegraveerd... schitter\u00f8nt mooi!Voorzien van gepolariseerde glazen \u00e9n UV400-bescherming, dus minder hinderlijke schittering \u00e9n 100% bescherming tegen schadelijke UV-straling. Ideaal voor op de weg, op het terras of gewoon om je ogen een beetje V8-luxe te gunnen.Verpakt in een luxe geschenkbox inclusief schoonmaakdoekje met logo, helemaal goud!","breadcrumb":{"@id":"https:\/\/www.martijnkuipers.nl\/en\/product\/zonnebril-red-edition\/#breadcrumb"},"inLanguage":"en-US","potentialAction":[{"@type":"ReadAction","target":["https:\/\/www.martijnkuipers.nl\/en\/product\/zonnebril-red-edition\/"]}]},{"@type":"ImageObject","inLanguage":"en-US","@id":"https:\/\/www.martijnkuipers.nl\/en\/product\/zonnebril-red-edition\/#primaryimage","url":"https:\/\/www.martijnkuipers.nl\/wp-content\/uploads\/2025\/07\/Zonnebril-Martijn-Kuipers-Knippie-Knippie-Rood-1.jpg","contentUrl":"https:\/\/www.martijnkuipers.nl\/wp-content\/uploads\/2025\/07\/Zonnebril-Martijn-Kuipers-Knippie-Knippie-Rood-1.jpg","width":1600,"height":1600},{"@type":"BreadcrumbList","@id":"https:\/\/www.martijnkuipers.nl\/en\/product\/zonnebril-red-edition\/#breadcrumb","itemListElement":[{"@type":"ListItem","position":1,"name":"Home","item":"https:\/\/www.martijnkuipers.nl\/en\/home\/"},{"@type":"ListItem","position":2,"name":"Shop","item":"https:\/\/www.martijnkuipers.nl\/en\/winkel\/"},{"@type":"ListItem","position":3,"name":"Zonnebril &#8216;red edition&#8217; (14 cm)"}]},{"@type":"WebSite","@id":"https:\/\/www.martijnkuipers.nl\/en\/#website","url":"https:\/\/www.martijnkuipers.nl\/en\/","name":"Martijn Kuipers","description":"","publisher":{"@id":"https:\/\/www.martijnkuipers.nl\/en\/#organization"},"potentialAction":[{"@type":"SearchAction","target":{"@type":"EntryPoint","urlTemplate":"https:\/\/www.martijnkuipers.nl\/en\/?s={search_term_string}"},"query-input":{"@type":"PropertyValueSpecification","valueRequired":true,"valueName":"search_term_string"}}],"inLanguage":"en-US"},{"@type":"Organization","@id":"https:\/\/www.martijnkuipers.nl\/en\/#organization","name":"Martijn Kuipers","url":"https:\/\/www.martijnkuipers.nl\/en\/","logo":{"@type":"ImageObject","inLanguage":"en-US","@id":"https:\/\/www.martijnkuipers.nl\/en\/#\/schema\/logo\/image\/","url":"https:\/\/www.martijnkuipers.nl\/wp-content\/uploads\/2018\/06\/Martijn-Kuipers_logo.png","contentUrl":"https:\/\/www.martijnkuipers.nl\/wp-content\/uploads\/2018\/06\/Martijn-Kuipers_logo.png","width":260,"height":46,"caption":"Martijn Kuipers"},"image":{"@id":"https:\/\/www.martijnkuipers.nl\/en\/#\/schema\/logo\/image\/"}}]}},"_links":{"self":[{"href":"https:\/\/www.martijnkuipers.nl\/en\/wp-json\/wp\/v2\/product\/19637","targetHints":{"allow":["GET"]}}],"collection":[{"href":"https:\/\/www.martijnkuipers.nl\/en\/wp-json\/wp\/v2\/product"}],"about":[{"href":"https:\/\/www.martijnkuipers.nl\/en\/wp-json\/wp\/v2\/types\/product"}],"wp:featuredmedia":[{"embeddable":true,"href":"https:\/\/www.martijnkuipers.nl\/en\/wp-json\/wp\/v2\/media\/19660"}],"wp:attachment":[{"href":"https:\/\/www.martijnkuipers.nl\/en\/wp-json\/wp\/v2\/media?parent=19637"}],"wp:term":[{"taxonomy":"product_brand","embeddable":true,"href":"https:\/\/www.martijnkuipers.nl\/en\/wp-json\/wp\/v2\/product_brand?post=19637"},{"taxonomy":"product_cat","embeddable":true,"href":"https:\/\/www.martijnkuipers.nl\/en\/wp-json\/wp\/v2\/product_cat?post=19637"},{"taxonomy":"product_tag","embeddable":true,"href":"https:\/\/www.martijnkuipers.nl\/en\/wp-json\/wp\/v2\/product_tag?post=19637"}],"curies":[{"name":"wp","href":"https:\/\/api.w.org\/{rel}","templated":true}]}}